{"id":976,"date":"2026-04-15T12:01:56","date_gmt":"2026-04-15T15:01:56","guid":{"rendered":"https:\/\/editoraperensin.com.br\/eventos\/?post_type=product&#038;p=976"},"modified":"2026-04-27T17:53:13","modified_gmt":"2026-04-27T20:53:13","slug":"arteterapia-com-a-coruja-7a-edicao-copia","status":"publish","type":"product","link":"https:\/\/editoraperensin.com.br\/eventos\/produto\/arteterapia-com-a-coruja-7a-edicao-copia\/","title":{"rendered":"ARTETERAPIA COM A CORUJA (7\u00aa edi\u00e7\u00e3o)"},"content":{"rendered":"<div class=\"elementor-element elementor-element-8219731 elementor-widget elementor-widget-woocommerce-product-title elementor-page-title elementor-widget-heading\" data-id=\"8219731\" data-element_type=\"widget\" data-widget_type=\"woocommerce-product-title.default\"><\/div>\n<div id=\"descricao-widget\" class=\"elementor-element elementor-element-930556d elementor-widget elementor-widget-woocommerce-product-data-tabs\" data-id=\"930556d\" data-element_type=\"widget\" data-widget_type=\"woocommerce-product-data-tabs.default\">\n<div class=\"woocommerce-tabs wc-tabs-wrapper\">\n<div id=\"tab-description\" class=\"woocommerce-Tabs-panel woocommerce-Tabs-panel--description panel entry-content wc-tab\" role=\"tabpanel\" aria-labelledby=\"tab-title-description\">\n<div class=\"elementor-element elementor-element-8219731 elementor-widget elementor-widget-woocommerce-product-title elementor-page-title elementor-widget-heading\" data-id=\"8219731\" data-element_type=\"widget\" data-widget_type=\"woocommerce-product-title.default\">\n<h1 class=\"product_title entry-title elementor-heading-title elementor-size-default\">Sobre o Evento<\/h1>\n<\/div>\n<div id=\"descricao-widget\" class=\"elementor-element elementor-element-930556d elementor-widget elementor-widget-woocommerce-product-data-tabs\" data-id=\"930556d\" data-element_type=\"widget\" data-widget_type=\"woocommerce-product-data-tabs.default\">\n<div class=\"woocommerce-tabs wc-tabs-wrapper\">\n<div id=\"tab-description\" class=\"woocommerce-Tabs-panel woocommerce-Tabs-panel--description panel entry-content wc-tab\" role=\"tabpanel\" aria-labelledby=\"tab-title-description\">\n<p data-start=\"214\" data-end=\"269\">\u00a0No\u00a0<strong>dia 10 de cada m\u00eas<\/strong>, voc\u00ea tem um encontro na Coruja consigo mesmo:\u00a0<strong>ArteTerapia com a Coruja<\/strong>, um momento de<strong>\u00a0conex\u00e3o, inspira\u00e7\u00e3o e muitas cores!<\/strong><\/p>\n<p data-start=\"214\" data-end=\"269\">Em cada encontro a Coruja trar\u00e1 propostas variadas, mas sempre com o mesmo objetivo: ser um espa\u00e7o de inspira\u00e7\u00e3o e acolhimento do seu pr\u00f3prio eu. M\u00fasica relax, cores, um chopp gelado ou um caf\u00e9 quentinho: voc\u00ea escolhe! Assim ser\u00e3o nossos encontros\u00a0aqui na Coruja.<\/p>\n<p data-start=\"214\" data-end=\"269\"><strong>Nesta s\u00e9tima edi\u00e7\u00e3o, faremos o evento na quarta-feira, dia 13 de maio, porque o dia 10 caiu em um domingo de dia das m\u00e3es.<\/strong><\/p>\n<p data-start=\"214\" data-end=\"269\">Nesta ocasi\u00e3o voc\u00ea far\u00e1 arte com <strong>aconselhamento de um artista europeu.<\/strong>\u00a0Diamond, que j\u00e1 trabalha com pinturas de grandes telas h\u00e1 anos, est\u00e1 trazendo sua experi\u00eancia para voc\u00ea absorver dicas de forma leve, descontra\u00edda \u2013 e sem nenhuma regra ou press\u00e3o.<\/p>\n<\/div>\n<p data-start=\"214\" data-end=\"269\">A bandeija criada ser\u00e1 um convite para olhar para si com carinho, colocando nela itens como velas arom\u00e1ticas, produtos de skin care, joias etc, o que sua mente preferir!<\/p>\n<div id=\"tab-description\" class=\"woocommerce-Tabs-panel woocommerce-Tabs-panel--description panel entry-content wc-tab\" role=\"tabpanel\" aria-labelledby=\"tab-title-description\">\n<p data-start=\"214\" data-end=\"269\">E n\u00e3o precisa saber pintar! O artista ir\u00e1 facilitar o processo para voc\u00ea.<\/p>\n<h3 data-start=\"868\" data-end=\"888\">Confira a programa\u00e7\u00e3o:<\/h3>\n<ul data-start=\"889\" data-end=\"1005\">\n<li data-start=\"889\" data-end=\"924\">\n<p data-start=\"891\" data-end=\"924\"><strong data-start=\"891\" data-end=\"898\">18h<\/strong>\u2013 Chegue com calma, escolha seu lugar e pe\u00e7a seu chopp ou caf\u00e9<\/p>\n<\/li>\n<li data-start=\"925\" data-end=\"968\">\n<p data-start=\"927\" data-end=\"968\"><strong data-start=\"927\" data-end=\"936\">18h15<\/strong>\u2013 In\u00edcio das instru\u00e7\u00f5es e dicas<\/p>\n<\/li>\n<li data-start=\"969\" data-end=\"1005\">\n<p data-start=\"971\" data-end=\"1005\">Momento de pintar \u2013 <em>com acompanhamento profissional!<\/em><\/p>\n<\/li>\n<\/ul>\n<p>&nbsp;<\/p>\n<p><strong>O que est\u00e1 incluso no investimento?<\/strong><\/p>\n<ul>\n<li>Materiais necess\u00e1rios (pinc\u00e9is, tintas e etc) para serem usados no local<\/li>\n<li>Objeto que ser\u00e1 decorado<\/li>\n<li>Um caf\u00e9 expresso, coado ou chopp de 300ml<\/li>\n<\/ul>\n<p>&nbsp;<\/p>\n<p>*Em caso de desist\u00eancia, o valor n\u00e3o \u00e9 estornado.<\/p>\n<p>&nbsp;<\/p>\n<div class=\"elementor-element elementor-element-8f3a321 e-flex e-con-boxed e-con e-parent e-lazyloaded\" data-id=\"8f3a321\" data-element_type=\"container\" data-settings=\"{&quot;background_background&quot;:&quot;classic&quot;}\">\n<div class=\"e-con-inner\">\n<div class=\"elementor-element elementor-element-845f6b0 e-con-full e-flex e-con e-child\" data-id=\"845f6b0\" data-element_type=\"container\">\n<div id=\"descricao-widget\" class=\"elementor-element elementor-element-930556d elementor-widget elementor-widget-woocommerce-product-data-tabs\" data-id=\"930556d\" data-element_type=\"widget\" data-widget_type=\"woocommerce-product-data-tabs.default\">\n<div class=\"woocommerce-tabs wc-tabs-wrapper\">\n<div id=\"tab-description\" class=\"woocommerce-Tabs-panel woocommerce-Tabs-panel--description panel entry-content wc-tab\" role=\"tabpanel\" aria-labelledby=\"tab-title-description\">\n<p><strong>Veja como foi nosso \u00faltimo encontro:<\/strong><\/p>\n<div id='gallery-1' class='gallery galleryid-976 gallery-columns-3 gallery-size-full'><figure class='gallery-item'>\n\t\t\t<div class='gallery-icon portrait'>\n\t\t\t\t<a href='https:\/\/editoraperensin.com.br\/eventos\/?attachment_id=803'><img fetchpriority=\"high\" decoding=\"async\" width=\"1707\" height=\"2560\" src=\"https:\/\/editoraperensin.com.br\/eventos\/wp-content\/uploads\/2026\/03\/IMG_5481-scaled.jpg\" class=\"attachment-full size-full\" alt=\"\" srcset=\"https:\/\/editoraperensin.com.br\/eventos\/wp-content\/uploads\/2026\/03\/IMG_5481-scaled.jpg 1707w, https:\/\/editoraperensin.com.br\/eventos\/wp-content\/uploads\/2026\/03\/IMG_5481-200x300.jpg 200w, https:\/\/editoraperensin.com.br\/eventos\/wp-content\/uploads\/2026\/03\/IMG_5481-683x1024.jpg 683w, https:\/\/editoraperensin.com.br\/eventos\/wp-content\/uploads\/2026\/03\/IMG_5481-768x1152.jpg 768w, https:\/\/editoraperensin.com.br\/eventos\/wp-content\/uploads\/2026\/03\/IMG_5481-1024x1536.jpg 1024w, https:\/\/editoraperensin.com.br\/eventos\/wp-content\/uploads\/2026\/03\/IMG_5481-1365x2048.jpg 1365w, https:\/\/editoraperensin.com.br\/eventos\/wp-content\/uploads\/2026\/03\/IMG_5481-510x765.jpg 510w\" sizes=\"(max-width: 1707px) 100vw, 1707px\" \/><\/a>\n\t\t\t<\/div><\/figure><figure class='gallery-item'>\n\t\t\t<div class='gallery-icon portrait'>\n\t\t\t\t<a href='https:\/\/editoraperensin.com.br\/eventos\/?attachment_id=804'><img decoding=\"async\" width=\"1707\" height=\"2560\" src=\"https:\/\/editoraperensin.com.br\/eventos\/wp-content\/uploads\/2026\/03\/IMG_5395-scaled.jpg\" class=\"attachment-full size-full\" alt=\"\" srcset=\"https:\/\/editoraperensin.com.br\/eventos\/wp-content\/uploads\/2026\/03\/IMG_5395-scaled.jpg 1707w, https:\/\/editoraperensin.com.br\/eventos\/wp-content\/uploads\/2026\/03\/IMG_5395-200x300.jpg 200w, https:\/\/editoraperensin.com.br\/eventos\/wp-content\/uploads\/2026\/03\/IMG_5395-683x1024.jpg 683w, https:\/\/editoraperensin.com.br\/eventos\/wp-content\/uploads\/2026\/03\/IMG_5395-768x1152.jpg 768w, https:\/\/editoraperensin.com.br\/eventos\/wp-content\/uploads\/2026\/03\/IMG_5395-1024x1536.jpg 1024w, https:\/\/editoraperensin.com.br\/eventos\/wp-content\/uploads\/2026\/03\/IMG_5395-1365x2048.jpg 1365w, https:\/\/editoraperensin.com.br\/eventos\/wp-content\/uploads\/2026\/03\/IMG_5395-510x765.jpg 510w\" sizes=\"(max-width: 1707px) 100vw, 1707px\" \/><\/a>\n\t\t\t<\/div><\/figure><figure class='gallery-item'>\n\t\t\t<div class='gallery-icon portrait'>\n\t\t\t\t<a href='https:\/\/editoraperensin.com.br\/eventos\/?attachment_id=805'><img decoding=\"async\" width=\"1707\" height=\"2560\" src=\"https:\/\/editoraperensin.com.br\/eventos\/wp-content\/uploads\/2026\/03\/IMG_5402-scaled.jpg\" class=\"attachment-full size-full\" alt=\"\" srcset=\"https:\/\/editoraperensin.com.br\/eventos\/wp-content\/uploads\/2026\/03\/IMG_5402-scaled.jpg 1707w, https:\/\/editoraperensin.com.br\/eventos\/wp-content\/uploads\/2026\/03\/IMG_5402-200x300.jpg 200w, https:\/\/editoraperensin.com.br\/eventos\/wp-content\/uploads\/2026\/03\/IMG_5402-683x1024.jpg 683w, https:\/\/editoraperensin.com.br\/eventos\/wp-content\/uploads\/2026\/03\/IMG_5402-768x1152.jpg 768w, https:\/\/editoraperensin.com.br\/eventos\/wp-content\/uploads\/2026\/03\/IMG_5402-1024x1536.jpg 1024w, https:\/\/editoraperensin.com.br\/eventos\/wp-content\/uploads\/2026\/03\/IMG_5402-1365x2048.jpg 1365w, https:\/\/editoraperensin.com.br\/eventos\/wp-content\/uploads\/2026\/03\/IMG_5402-510x765.jpg 510w\" sizes=\"(max-width: 1707px) 100vw, 1707px\" \/><\/a>\n\t\t\t<\/div><\/figure><figure class='gallery-item'>\n\t\t\t<div class='gallery-icon portrait'>\n\t\t\t\t<a href='https:\/\/editoraperensin.com.br\/eventos\/?attachment_id=806'><img loading=\"lazy\" decoding=\"async\" width=\"1707\" height=\"2560\" src=\"https:\/\/editoraperensin.com.br\/eventos\/wp-content\/uploads\/2026\/03\/IMG_5409-scaled.jpg\" class=\"attachment-full size-full\" alt=\"\" srcset=\"https:\/\/editoraperensin.com.br\/eventos\/wp-content\/uploads\/2026\/03\/IMG_5409-scaled.jpg 1707w, https:\/\/editoraperensin.com.br\/eventos\/wp-content\/uploads\/2026\/03\/IMG_5409-200x300.jpg 200w, https:\/\/editoraperensin.com.br\/eventos\/wp-content\/uploads\/2026\/03\/IMG_5409-683x1024.jpg 683w, https:\/\/editoraperensin.com.br\/eventos\/wp-content\/uploads\/2026\/03\/IMG_5409-768x1152.jpg 768w, https:\/\/editoraperensin.com.br\/eventos\/wp-content\/uploads\/2026\/03\/IMG_5409-1024x1536.jpg 1024w, https:\/\/editoraperensin.com.br\/eventos\/wp-content\/uploads\/2026\/03\/IMG_5409-1365x2048.jpg 1365w, https:\/\/editoraperensin.com.br\/eventos\/wp-content\/uploads\/2026\/03\/IMG_5409-510x765.jpg 510w\" sizes=\"(max-width: 1707px) 100vw, 1707px\" \/><\/a>\n\t\t\t<\/div><\/figure><figure class='gallery-item'>\n\t\t\t<div class='gallery-icon portrait'>\n\t\t\t\t<a href='https:\/\/editoraperensin.com.br\/eventos\/?attachment_id=807'><img loading=\"lazy\" decoding=\"async\" width=\"1707\" height=\"2560\" src=\"https:\/\/editoraperensin.com.br\/eventos\/wp-content\/uploads\/2026\/03\/IMG_5511-scaled.jpg\" class=\"attachment-full size-full\" alt=\"\" srcset=\"https:\/\/editoraperensin.com.br\/eventos\/wp-content\/uploads\/2026\/03\/IMG_5511-scaled.jpg 1707w, https:\/\/editoraperensin.com.br\/eventos\/wp-content\/uploads\/2026\/03\/IMG_5511-200x300.jpg 200w, https:\/\/editoraperensin.com.br\/eventos\/wp-content\/uploads\/2026\/03\/IMG_5511-683x1024.jpg 683w, https:\/\/editoraperensin.com.br\/eventos\/wp-content\/uploads\/2026\/03\/IMG_5511-768x1152.jpg 768w, https:\/\/editoraperensin.com.br\/eventos\/wp-content\/uploads\/2026\/03\/IMG_5511-1024x1536.jpg 1024w, https:\/\/editoraperensin.com.br\/eventos\/wp-content\/uploads\/2026\/03\/IMG_5511-1365x2048.jpg 1365w, https:\/\/editoraperensin.com.br\/eventos\/wp-content\/uploads\/2026\/03\/IMG_5511-510x765.jpg 510w\" sizes=\"(max-width: 1707px) 100vw, 1707px\" \/><\/a>\n\t\t\t<\/div><\/figure><figure class='gallery-item'>\n\t\t\t<div class='gallery-icon portrait'>\n\t\t\t\t<a href='https:\/\/editoraperensin.com.br\/eventos\/?attachment_id=808'><img loading=\"lazy\" decoding=\"async\" width=\"1707\" height=\"2560\" src=\"https:\/\/editoraperensin.com.br\/eventos\/wp-content\/uploads\/2026\/03\/IMG_5436-scaled.jpg\" class=\"attachment-full size-full\" alt=\"\" srcset=\"https:\/\/editoraperensin.com.br\/eventos\/wp-content\/uploads\/2026\/03\/IMG_5436-scaled.jpg 1707w, https:\/\/editoraperensin.com.br\/eventos\/wp-content\/uploads\/2026\/03\/IMG_5436-200x300.jpg 200w, https:\/\/editoraperensin.com.br\/eventos\/wp-content\/uploads\/2026\/03\/IMG_5436-683x1024.jpg 683w, https:\/\/editoraperensin.com.br\/eventos\/wp-content\/uploads\/2026\/03\/IMG_5436-768x1152.jpg 768w, https:\/\/editoraperensin.com.br\/eventos\/wp-content\/uploads\/2026\/03\/IMG_5436-1024x1536.jpg 1024w, https:\/\/editoraperensin.com.br\/eventos\/wp-content\/uploads\/2026\/03\/IMG_5436-1365x2048.jpg 1365w, https:\/\/editoraperensin.com.br\/eventos\/wp-content\/uploads\/2026\/03\/IMG_5436-510x765.jpg 510w\" sizes=\"(max-width: 1707px) 100vw, 1707px\" \/><\/a>\n\t\t\t<\/div><\/figure>\n\t\t<\/div>\n\n<p>&nbsp;<\/p>\n<p>VEJA MAIS FOTOS DE OUTRAS EDI\u00c7\u00d5ES EM NOSSA GALERIA, <a href=\"https:\/\/editoraperensin.com.br\/diamond\/\">CLICANDO AQUI.<\/a><\/p>\n<p>&nbsp;<\/p>\n<p><strong>LOCAL:<\/strong>\u00a0<strong data-start=\"300\" data-end=\"322\">Cafeteria &amp; Editora Perensin |\u00a0<\/strong>\u00a0R. Dom Silv\u00e9rio, 150 \u2013 Passos, Juiz de Fora \u2013 MG, 36026-450, Brazil<\/p>\n<\/div>\n<\/div>\n<\/div>\n<\/div>\n<\/div>\n<\/div>\n<\/div>\n<\/div>\n<\/div>\n<p><iframe src=\"https:\/\/www.google.com\/maps\/embed?pb=!1m18!1m12!1m3!1d3705.041232674068!2d-43.35148672358069!3d-21.778665147103613!2m3!1f0!2f0!3f0!3m2!1i1024!2i768!4f13.1!3m3!1m2!1s0x989d641e0d1ad9%3A0xcb7b5a40674e873!2sCafeteria%20e%20Editora%20Perensin!5e0!3m2!1sen!2spt!4v1758320469635!5m2!1sen!2spt\" width=\"600\" height=\"450\" allowfullscreen=\"allowfullscreen\" data-mce-fragment=\"1\"><\/iframe><\/p>\n<\/div>\n<\/div>\n<\/div>\n","protected":false},"excerpt":{"rendered":"<p>Sobre o Evento \u00a0No\u00a0dia 10 de cada m\u00eas, voc\u00ea tem um encontro na Coruja consigo mesmo:\u00a0ArteTerapia com a Coruja, um&#8230;<\/p>\n","protected":false},"author":2,"featured_media":1075,"template":"","meta":{"tpgb_global_settings":""},"product_brand":[],"product_cat":[18,152],"product_tag":[100,138,121,119,139,80,122],"class_list":{"0":"post-976","1":"product","2":"type-product","3":"status-publish","4":"has-post-thumbnail","6":"product_cat-eventos","7":"product_cat-eventos-em-juiz-de-fora","8":"product_tag-arteterapia","9":"product_tag-cafeteria-juiz-de-fora","10":"product_tag-coruja","11":"product_tag-editoraperensin","12":"product_tag-eventos-em-juiz-de-fora","13":"product_tag-eventos-jf","14":"product_tag-rafaelaperensin","16":"first","17":"instock","18":"virtual","19":"purchasable","20":"product-type-simple"},"tpgb_featured_images":{"full":["https:\/\/editoraperensin.com.br\/eventos\/wp-content\/uploads\/2026\/04\/MULHERES-LOGICAS-2-1.png",1200,800,false],"tp-image-grid":["https:\/\/editoraperensin.com.br\/eventos\/wp-content\/uploads\/2026\/04\/MULHERES-LOGICAS-2-1-700x700.png",700,700,true],"thumbnail":["https:\/\/editoraperensin.com.br\/eventos\/wp-content\/uploads\/2026\/04\/MULHERES-LOGICAS-2-1-150x150.png",150,150,true],"medium":["https:\/\/editoraperensin.com.br\/eventos\/wp-content\/uploads\/2026\/04\/MULHERES-LOGICAS-2-1-300x200.png",300,200,true],"medium_large":["https:\/\/editoraperensin.com.br\/eventos\/wp-content\/uploads\/2026\/04\/MULHERES-LOGICAS-2-1-768x512.png",768,512,true],"large":["https:\/\/editoraperensin.com.br\/eventos\/wp-content\/uploads\/2026\/04\/MULHERES-LOGICAS-2-1-1024x683.png",1024,683,true],"default":"https:\/\/editoraperensin.com.br\/eventos\/wp-content\/plugins\/the-plus-addons-for-block-editor\/assets\/images\/tpgb-placeholder.jpg"},"tpgb_post_meta_info":{"get_date":"15\/04\/2026","get_modified_date":"27\/04\/2026","category_list":{"product_brand":false,"product_cat":[{"term_id":18,"name":"Eventos","slug":"eventos","term_group":0,"term_taxonomy_id":18,"taxonomy":"product_cat","description":"","parent":0,"count":13,"filter":"raw"},{"term_id":152,"name":"Eventos em Juiz de Fora","slug":"eventos-em-juiz-de-fora","term_group":0,"term_taxonomy_id":152,"taxonomy":"product_cat","description":"","parent":18,"count":8,"filter":"raw"}],"product_tag":[{"term_id":100,"name":"arteterapia","slug":"arteterapia","term_group":0,"term_taxonomy_id":100,"taxonomy":"product_tag","description":"","parent":0,"count":3,"filter":"raw"},{"term_id":138,"name":"cafeteria juiz de fora","slug":"cafeteria-juiz-de-fora","term_group":0,"term_taxonomy_id":138,"taxonomy":"product_tag","description":"","parent":0,"count":4,"filter":"raw"},{"term_id":121,"name":"coruja","slug":"coruja","term_group":0,"term_taxonomy_id":121,"taxonomy":"product_tag","description":"","parent":0,"count":6,"filter":"raw"},{"term_id":119,"name":"editoraperensin","slug":"editoraperensin","term_group":0,"term_taxonomy_id":119,"taxonomy":"product_tag","description":"","parent":0,"count":14,"filter":"raw"},{"term_id":139,"name":"eventos em juiz de fora","slug":"eventos-em-juiz-de-fora","term_group":0,"term_taxonomy_id":139,"taxonomy":"product_tag","description":"","parent":0,"count":4,"filter":"raw"},{"term_id":80,"name":"Eventos JF","slug":"eventos-jf","term_group":0,"term_taxonomy_id":80,"taxonomy":"product_tag","description":"","parent":0,"count":4,"filter":"raw"},{"term_id":122,"name":"rafaelaperensin","slug":"rafaelaperensin","term_group":0,"term_taxonomy_id":122,"taxonomy":"product_tag","description":"","parent":0,"count":14,"filter":"raw"}]},"author_name":"rafaela","author_url":"https:\/\/editoraperensin.com.br\/eventos\/author\/rafaela\/","author_email":"perensinproducoes@gmail.com","author_website":"","author_description":"","author_facebook":"","author_twitter":"","author_instagram":"","author_role":["administrator"],"author_firstname":"rafaela","author_lastname":"","user_login":"rafaela","comment_count":0,"post_likes":0,"post_views":0},"tpgb_post_category":{"product_cat":"<a href=\"https:\/\/editoraperensin.com.br\/eventos\/categoria-produto\/eventos\/\" alt=\"Eventos\" class=\"product_cat-eventos\">Eventos<\/a> <a href=\"https:\/\/editoraperensin.com.br\/eventos\/categoria-produto\/eventos\/eventos-em-juiz-de-fora\/\" alt=\"Eventos em Juiz de Fora\" class=\"product_cat-eventos-em-juiz-de-fora\">Eventos em Juiz de Fora<\/a> ","product_tag":"<a href=\"https:\/\/editoraperensin.com.br\/eventos\/produto-tag\/arteterapia\/\" alt=\"arteterapia\" class=\"product_tag-arteterapia\">arteterapia<\/a> <a href=\"https:\/\/editoraperensin.com.br\/eventos\/produto-tag\/cafeteria-juiz-de-fora\/\" alt=\"cafeteria juiz de fora\" class=\"product_tag-cafeteria-juiz-de-fora\">cafeteria juiz de fora<\/a> <a href=\"https:\/\/editoraperensin.com.br\/eventos\/produto-tag\/coruja\/\" alt=\"coruja\" class=\"product_tag-coruja\">coruja<\/a> <a href=\"https:\/\/editoraperensin.com.br\/eventos\/produto-tag\/editoraperensin\/\" alt=\"editoraperensin\" class=\"product_tag-editoraperensin\">editoraperensin<\/a> <a href=\"https:\/\/editoraperensin.com.br\/eventos\/produto-tag\/eventos-em-juiz-de-fora\/\" alt=\"eventos em juiz de fora\" class=\"product_tag-eventos-em-juiz-de-fora\">eventos em juiz de fora<\/a> <a href=\"https:\/\/editoraperensin.com.br\/eventos\/produto-tag\/eventos-jf\/\" alt=\"Eventos JF\" class=\"product_tag-eventos-jf\">Eventos JF<\/a> <a href=\"https:\/\/editoraperensin.com.br\/eventos\/produto-tag\/rafaelaperensin\/\" alt=\"rafaelaperensin\" class=\"product_tag-rafaelaperensin\">rafaelaperensin<\/a> "},"tpgb_product_data":{"price_html":"<span class=\"woocommerce-Price-amount amount\"><bdi><span class=\"woocommerce-Price-currencySymbol\">&#82;&#36;<\/span>&nbsp;69,90<\/bdi><\/span>","type":"simple","gallery":false,"category":"Eventos","procatslug":"eventos"},"_links":{"self":[{"href":"https:\/\/editoraperensin.com.br\/eventos\/wp-json\/wp\/v2\/product\/976","targetHints":{"allow":["GET"]}}],"collection":[{"href":"https:\/\/editoraperensin.com.br\/eventos\/wp-json\/wp\/v2\/product"}],"about":[{"href":"https:\/\/editoraperensin.com.br\/eventos\/wp-json\/wp\/v2\/types\/product"}],"author":[{"embeddable":true,"href":"https:\/\/editoraperensin.com.br\/eventos\/wp-json\/wp\/v2\/users\/2"}],"wp:featuredmedia":[{"embeddable":true,"href":"https:\/\/editoraperensin.com.br\/eventos\/wp-json\/wp\/v2\/media\/1075"}],"wp:attachment":[{"href":"https:\/\/editoraperensin.com.br\/eventos\/wp-json\/wp\/v2\/media?parent=976"}],"wp:term":[{"taxonomy":"product_brand","embeddable":true,"href":"https:\/\/editoraperensin.com.br\/eventos\/wp-json\/wp\/v2\/product_brand?post=976"},{"taxonomy":"product_cat","embeddable":true,"href":"https:\/\/editoraperensin.com.br\/eventos\/wp-json\/wp\/v2\/product_cat?post=976"},{"taxonomy":"product_tag","embeddable":true,"href":"https:\/\/editoraperensin.com.br\/eventos\/wp-json\/wp\/v2\/product_tag?post=976"}],"curies":[{"name":"wp","href":"https:\/\/api.w.org\/{rel}","templated":true}]}}